{"id":6,"date":"2021-12-08T09:35:27","date_gmt":"2021-12-08T08:35:27","guid":{"rendered":"http:\/\/www.myhairkules.com\/impressum\/"},"modified":"2022-07-21T13:43:39","modified_gmt":"2022-07-21T11:43:39","slug":"impressum","status":"publish","type":"page","link":"http:\/\/www.myhairkules.com\/en\/impressum\/","title":{"rendered":"imprint"},"content":{"rendered":"<div data-elementor-type=\"wp-page\" data-elementor-id=\"6\" class=\"elementor elementor-6\" data-elementor-post-type=\"page\">\n\t\t\t\t\t\t<section class=\"elementor-section elementor-top-section elementor-element elementor-element-abe0801 elementor-section-boxed elementor-section-height-default elementor-section-height-default\" data-id=\"abe0801\" data-element_type=\"section\">\n\t\t\t\t\t\t<div class=\"elementor-container elementor-column-gap-default\">\n\t\t\t\t\t<div class=\"elementor-column elementor-col-100 elementor-top-column elementor-element elementor-element-ec0f2b0\" data-id=\"ec0f2b0\" data-element_type=\"column\">\n\t\t\t<div class=\"elementor-widget-wrap elementor-element-populated\">\n\t\t\t\t\t\t<div class=\"elementor-element elementor-element-c668eaf elementor-widget elementor-widget-heading\" data-id=\"c668eaf\" data-element_type=\"widget\" data-widget_type=\"heading.default\">\n\t\t\t\t<div class=\"elementor-widget-container\">\n\t\t\t\t\t<h2 class=\"elementor-heading-title elementor-size-default\">imprint<\/h2>\t\t\t\t<\/div>\n\t\t\t\t<\/div>\n\t\t\t\t\t<\/div>\n\t\t<\/div>\n\t\t\t\t\t<\/div>\n\t\t<\/section>\n\t\t\t\t<section class=\"elementor-section elementor-top-section elementor-element elementor-element-ff19642 elementor-section-boxed elementor-section-height-default elementor-section-height-default\" data-id=\"ff19642\" data-element_type=\"section\">\n\t\t\t\t\t\t<div class=\"elementor-container elementor-column-gap-default\">\n\t\t\t\t\t<div class=\"elementor-column elementor-col-100 elementor-top-column elementor-element elementor-element-218c043\" data-id=\"218c043\" data-element_type=\"column\">\n\t\t\t<div class=\"elementor-widget-wrap elementor-element-populated\">\n\t\t\t\t\t\t<div class=\"elementor-element elementor-element-369da51 elementor-widget elementor-widget-text-editor\" data-id=\"369da51\" data-element_type=\"widget\" data-widget_type=\"text-editor.default\">\n\t\t\t\t<div class=\"elementor-widget-container\">\n\t\t\t\t\t\t\t\t\tPublisher &amp; responsible for the content\t\t\t\t\t\t\t\t<\/div>\n\t\t\t\t<\/div>\n\t\t\t\t<div class=\"elementor-element elementor-element-8ede3f2 elementor-widget elementor-widget-text-editor\" data-id=\"8ede3f2\" data-element_type=\"widget\" data-widget_type=\"text-editor.default\">\n\t\t\t\t<div class=\"elementor-widget-container\">\n\t\t\t\t\t\t\t\t\t<p><strong>COMPANY<\/strong>: AuMieux GmbH<\/p>\n<p><strong>LEGAL FORM<\/strong>: Limited liability company<\/p>\n<p><strong>HEADQUARTER<\/strong>: Graz, Austria<\/p>\n<p><strong>BUSINESS ADRESS<\/strong>: Maiffredygasse 4\/4\/7, 8010 Graz, Austria<\/p>\n<p><strong>LINE OF BUSINESS<\/strong>: Fashion trading<\/p>\n<p><strong>COMPANY NUMBER<\/strong>: 490321 k<\/p>\n<p><strong>COMPANY COURT<\/strong>: Regional Court for ZRS Graz, Austria<\/p>\n<p><strong>AUTHORITY PURSUANT TO THE E-COMMERCE LAW<\/strong>: City Council of Graz, Austria<\/p>\n<p><strong>AUTHORIZED REPRESENTATIVE SHAREHOLDER &amp; CEO<\/strong><\/p>\n<p><span style=\"text-decoration: underline;\"><span style=\"margin-left: 40px;\">Herr Dipl.-Ing. David Kirchengast<\/span><\/span> <br \/><span style=\"margin-left: 40px;\">Maiffredygasse 4\/4\/7, 8010 Graz, Austria<\/span><br \/><span style=\"margin-left: 40px;\">+43 676 87493578<\/span><br \/><span style=\"margin-left: 40px;\">kirchengast@aumieux.at<\/span><br \/><span style=\"margin-left: 40px;\">https:\/\/www.myhairkules.com<\/span><\/p>\t\t\t\t\t\t\t\t<\/div>\n\t\t\t\t<\/div>\n\t\t\t\t\t<\/div>\n\t\t<\/div>\n\t\t\t\t\t<\/div>\n\t\t<\/section>\n\t\t\t\t<section class=\"elementor-section elementor-top-section elementor-element elementor-element-5b3320a elementor-section-boxed elementor-section-height-default elementor-section-height-default\" data-id=\"5b3320a\" data-element_type=\"section\">\n\t\t\t\t\t\t<div class=\"elementor-container elementor-column-gap-default\">\n\t\t\t\t\t<div class=\"elementor-column elementor-col-100 elementor-top-column elementor-element elementor-element-a598b4c\" data-id=\"a598b4c\" data-element_type=\"column\">\n\t\t\t<div class=\"elementor-widget-wrap elementor-element-populated\">\n\t\t\t\t\t\t<div class=\"elementor-element elementor-element-5ecd510 elementor-widget elementor-widget-text-editor\" data-id=\"5ecd510\" data-element_type=\"widget\" data-widget_type=\"text-editor.default\">\n\t\t\t\t<div class=\"elementor-widget-container\">\n\t\t\t\t\t\t\t\t\tDisclosure acc. \u00a725 Media Act\t\t\t\t\t\t\t\t<\/div>\n\t\t\t\t<\/div>\n\t\t\t\t<div class=\"elementor-element elementor-element-f4169b8 elementor-widget elementor-widget-text-editor\" data-id=\"f4169b8\" data-element_type=\"widget\" data-widget_type=\"text-editor.default\">\n\t\t\t\t<div class=\"elementor-widget-container\">\n\t\t\t\t\t\t\t\t\t<ul>\n \t<li>AuMieux GmbH is a member of the Austrian Chamber of Commerce (WKO Styria).<\/li>\n \t<li>WKO membership number: 5 392231<\/li>\n \t<li>Company registration number: 490321 k<\/li>\n \t<li>UID: ATU 73317617<\/li>\n \t<li>GISA-number: 34409633<\/li>\n \t<li>GLN (of public administration): 9110026161294<\/li>\n \t<li>Type of trade: Regulated trade<\/li>\n \t<li>Commercial wording \/ object of the company: FG leisure and sports companies - organization of events, markets and trade fairs (event management)<\/li>\n \t<li>Legal basis: \u00a7 19 GewO 1994, BGBl. 1994\/194 idF BGBl. I 2014\/60<\/li>\n \t<li>Supervisory authority: City of Graz \u2013 Department of Commercial Procedures<\/li>\n \t<li>Authorized representative: Dipl.-Ing. David Kirchengast<\/li>\n \t<li>Responsible for editorial content: Dipl.-Ing. David Kirchengast<\/li>\n<\/ul>\t\t\t\t\t\t\t\t<\/div>\n\t\t\t\t<\/div>\n\t\t\t\t\t<\/div>\n\t\t<\/div>\n\t\t\t\t\t<\/div>\n\t\t<\/section>\n\t\t\t\t<section class=\"elementor-section elementor-top-section elementor-element elementor-element-5050150 elementor-section-boxed elementor-section-height-default elementor-section-height-default\" data-id=\"5050150\" data-element_type=\"section\">\n\t\t\t\t\t\t<div class=\"elementor-container elementor-column-gap-default\">\n\t\t\t\t\t<div class=\"elementor-column elementor-col-100 elementor-top-column elementor-element elementor-element-f96dddc\" data-id=\"f96dddc\" data-element_type=\"column\">\n\t\t\t<div class=\"elementor-widget-wrap elementor-element-populated\">\n\t\t\t\t\t\t<div class=\"elementor-element elementor-element-df6ccce elementor-widget elementor-widget-text-editor\" data-id=\"df6ccce\" data-element_type=\"widget\" data-widget_type=\"text-editor.default\">\n\t\t\t\t<div class=\"elementor-widget-container\">\n\t\t\t\t\t\t\t\t\tdisclaimer\t\t\t\t\t\t\t\t<\/div>\n\t\t\t\t<\/div>\n\t\t\t\t<div class=\"elementor-element elementor-element-d95a0bf elementor-widget elementor-widget-text-editor\" data-id=\"d95a0bf\" data-element_type=\"widget\" data-widget_type=\"text-editor.default\">\n\t\t\t\t<div class=\"elementor-widget-container\">\n\t\t\t\t\t\t\t\t\t<ul>\n \t<li>AuMieux GmbH makes a wide variety of information available on its website and has carefully checked and selected it. AuMieux GmbH is responsible for these pages according to general laws. As a fashion developer, however, AuMieux GmbH is not obliged to monitor transmitted or stored third-party information or to investigate circumstances that indicate illegal activity. Obligations to remove or block the use of information according to general laws remain unaffected. However, liability in this regard is only possible from the point in time at which knowledge of a specific infringement of the law is known. As soon as we become aware of any violations of the law, we will remove this content immediately.<\/li>\n \t<li>It is expressly pointed out that no guarantee is given for the correctness, topicality and completeness of the information provided here. The information provided does not constitute legal advice.<\/li>\n \t<li>This applies in particular to the external links, for whose content no responsibility is assumed. The operators of the linked pages are solely responsible for their content.<\/li>\n \t<li>The AuMieux GmbH offer contains links to external websites over which we have no influence. Therefore we cannot assume any liability for this external content. The respective provider or operator of the pages is always responsible for the content of the linked pages. The linked pages were checked for possible legal violations at the time of linking. Illegal content was not recognizable at the time of linking. However, a permanent control of the content of the linked pages is not reasonable without concrete evidence of an infringement. As soon as we become aware of legal violations, we will remove such links immediately.<\/li>\n \t<li>Furthermore, it is pointed out that if you contact AuMieux GmbH by e-mail, the confidentiality of these messages cannot be guaranteed due to the technical framework conditions of the Internet. Emails can also be changed by third parties, sent with a delay or lost.<\/li>\n<\/ul>\t\t\t\t\t\t\t\t<\/div>\n\t\t\t\t<\/div>\n\t\t\t\t\t<\/div>\n\t\t<\/div>\n\t\t\t\t\t<\/div>\n\t\t<\/section>\n\t\t\t\t<section class=\"elementor-section elementor-top-section elementor-element elementor-element-a75c211 elementor-section-boxed elementor-section-height-default elementor-section-height-default\" data-id=\"a75c211\" data-element_type=\"section\">\n\t\t\t\t\t\t<div class=\"elementor-container elementor-column-gap-default\">\n\t\t\t\t\t<div class=\"elementor-column elementor-col-100 elementor-top-column elementor-element elementor-element-906dd38\" data-id=\"906dd38\" data-element_type=\"column\">\n\t\t\t<div class=\"elementor-widget-wrap elementor-element-populated\">\n\t\t\t\t\t\t<div class=\"elementor-element elementor-element-feddbf9 elementor-widget elementor-widget-text-editor\" data-id=\"feddbf9\" data-element_type=\"widget\" data-widget_type=\"text-editor.default\">\n\t\t\t\t<div class=\"elementor-widget-container\">\n\t\t\t\t\t\t\t\t\tCopyright\t\t\t\t\t\t\t\t<\/div>\n\t\t\t\t<\/div>\n\t\t\t\t<div class=\"elementor-element elementor-element-4ce06e4 elementor-widget elementor-widget-text-editor\" data-id=\"4ce06e4\" data-element_type=\"widget\" data-widget_type=\"text-editor.default\">\n\t\t\t\t<div class=\"elementor-widget-container\">\n\t\t\t\t\t\t\t\t\t<ul><li>The entire design including layout, font and color scheme as well as all texts and graphics on the website are reserved with all rights of AuMieux GmbH.<\/li><\/ul>\t\t\t\t\t\t\t\t<\/div>\n\t\t\t\t<\/div>\n\t\t\t\t\t<\/div>\n\t\t<\/div>\n\t\t\t\t\t<\/div>\n\t\t<\/section>\n\t\t\t\t<\/div>","protected":false},"excerpt":{"rendered":"<p>Impressum Herausgeber &amp; f\u00fcr den Inhalt verantwortlich FIRMA: AuMieux GmbH RECHTSFORM: Gesellschaft mit beschr\u00e4nkter Haftung SITZ: Politische Gemeinde Graz, \u00d6sterreich GESCH\u00c4FTSANSCHRIFT: Maiffredygasse 4\/4\/7, 8010 Graz, \u00d6sterreich GESCH\u00c4FTSZWEIG: Handel mit Mode FIRMENBUCH-NUMMER: 490321 k ZUST\u00c4NDIGES GERICHT: Landesgericht f\u00fcr ZRS Graz, \u00d6sterreich BEH\u00d6RDE GEM\u00c4SS E-COMMERCE GESETZ: Magistrat der Stadt Graz, \u00d6sterreich VERTRETUNGSBEFUGTER GESELLSCHAFTER &amp; GESCH\u00c4FTSF\u00dcHRER Herr Dipl.-Ing. [&hellip;]<\/p>","protected":false},"author":3,"featured_media":0,"parent":0,"menu_order":0,"comment_status":"closed","ping_status":"closed","template":"","meta":{"footnotes":""},"class_list":["post-6","page","type-page","status-publish","hentry"],"yoast_head":"<!-- This site is optimized with the Yoast SEO plugin v26.3 - https:\/\/yoast.com\/wordpress\/plugins\/seo\/ -->\n<title>Impressum - Hairkules<\/title>\n<meta name=\"robots\" content=\"index, follow, max-snippet:-1, max-image-preview:large, max-video-preview:-1\" \/>\n<link rel=\"canonical\" href=\"http:\/\/www.myhairkules.com\/en\/impressum\/\" \/>\n<meta property=\"og:locale\" content=\"en_GB\" \/>\n<meta property=\"og:type\" content=\"article\" \/>\n<meta property=\"og:title\" content=\"Impressum - Hairkules\" \/>\n<meta property=\"og:description\" content=\"Impressum Herausgeber &amp; f\u00fcr den Inhalt verantwortlich FIRMA: AuMieux GmbH RECHTSFORM: Gesellschaft mit beschr\u00e4nkter Haftung SITZ: Politische Gemeinde Graz, \u00d6sterreich GESCH\u00c4FTSANSCHRIFT: Maiffredygasse 4\/4\/7, 8010 Graz, \u00d6sterreich GESCH\u00c4FTSZWEIG: Handel mit Mode FIRMENBUCH-NUMMER: 490321 k ZUST\u00c4NDIGES GERICHT: Landesgericht f\u00fcr ZRS Graz, \u00d6sterreich BEH\u00d6RDE GEM\u00c4SS E-COMMERCE GESETZ: Magistrat der Stadt Graz, \u00d6sterreich VERTRETUNGSBEFUGTER GESELLSCHAFTER &amp; GESCH\u00c4FTSF\u00dcHRER Herr Dipl.-Ing. [&hellip;]\" \/>\n<meta property=\"og:url\" content=\"http:\/\/www.myhairkules.com\/en\/impressum\/\" \/>\n<meta property=\"og:site_name\" content=\"Hairkules\" \/>\n<meta property=\"article:modified_time\" content=\"2022-07-21T11:43:39+00:00\" \/>\n<meta name=\"twitter:card\" content=\"summary_large_image\" \/>\n<meta name=\"twitter:label1\" content=\"Estimated reading time\" \/>\n\t<meta name=\"twitter:data1\" content=\"2 minutes\" \/>\n<script type=\"application\/ld+json\" class=\"yoast-schema-graph\">{\"@context\":\"https:\/\/schema.org\",\"@graph\":[{\"@type\":\"WebPage\",\"@id\":\"http:\/\/www.myhairkules.com\/impressum\/\",\"url\":\"http:\/\/www.myhairkules.com\/impressum\/\",\"name\":\"Impressum - Hairkules\",\"isPartOf\":{\"@id\":\"http:\/\/www.myhairkules.com\/#website\"},\"datePublished\":\"2021-12-08T08:35:27+00:00\",\"dateModified\":\"2022-07-21T11:43:39+00:00\",\"breadcrumb\":{\"@id\":\"http:\/\/www.myhairkules.com\/impressum\/#breadcrumb\"},\"inLanguage\":\"en-GB\",\"potentialAction\":[{\"@type\":\"ReadAction\",\"target\":[\"http:\/\/www.myhairkules.com\/impressum\/\"]}]},{\"@type\":\"BreadcrumbList\",\"@id\":\"http:\/\/www.myhairkules.com\/impressum\/#breadcrumb\",\"itemListElement\":[{\"@type\":\"ListItem\",\"position\":1,\"name\":\"Home\",\"item\":\"http:\/\/www.myhairkules.com\/\"},{\"@type\":\"ListItem\",\"position\":2,\"name\":\"Impressum\"}]},{\"@type\":\"WebSite\",\"@id\":\"http:\/\/www.myhairkules.com\/#website\",\"url\":\"http:\/\/www.myhairkules.com\/\",\"name\":\"Hairkules\",\"description\":\"Die modernste Haube steht zum Verkauf\",\"publisher\":{\"@id\":\"http:\/\/www.myhairkules.com\/#organization\"},\"potentialAction\":[{\"@type\":\"SearchAction\",\"target\":{\"@type\":\"EntryPoint\",\"urlTemplate\":\"http:\/\/www.myhairkules.com\/?s={search_term_string}\"},\"query-input\":{\"@type\":\"PropertyValueSpecification\",\"valueRequired\":true,\"valueName\":\"search_term_string\"}}],\"inLanguage\":\"en-GB\"},{\"@type\":\"Organization\",\"@id\":\"http:\/\/www.myhairkules.com\/#organization\",\"name\":\"Hairkules\",\"url\":\"http:\/\/www.myhairkules.com\/\",\"logo\":{\"@type\":\"ImageObject\",\"inLanguage\":\"en-GB\",\"@id\":\"http:\/\/www.myhairkules.com\/#\/schema\/logo\/image\/\",\"url\":\"http:\/\/www.myhairkules.com\/wp-content\/uploads\/2021\/12\/hairkulesgrey.png\",\"contentUrl\":\"http:\/\/www.myhairkules.com\/wp-content\/uploads\/2021\/12\/hairkulesgrey.png\",\"width\":10654,\"height\":1642,\"caption\":\"Hairkules\"},\"image\":{\"@id\":\"http:\/\/www.myhairkules.com\/#\/schema\/logo\/image\/\"}}]}<\/script>\n<!-- \/ Yoast SEO plugin. -->","yoast_head_json":{"title":"Impressum - Hairkules","robots":{"index":"index","follow":"follow","max-snippet":"max-snippet:-1","max-image-preview":"max-image-preview:large","max-video-preview":"max-video-preview:-1"},"canonical":"http:\/\/www.myhairkules.com\/en\/impressum\/","og_locale":"en_GB","og_type":"article","og_title":"Impressum - Hairkules","og_description":"Impressum Herausgeber &amp; f\u00fcr den Inhalt verantwortlich FIRMA: AuMieux GmbH RECHTSFORM: Gesellschaft mit beschr\u00e4nkter Haftung SITZ: Politische Gemeinde Graz, \u00d6sterreich GESCH\u00c4FTSANSCHRIFT: Maiffredygasse 4\/4\/7, 8010 Graz, \u00d6sterreich GESCH\u00c4FTSZWEIG: Handel mit Mode FIRMENBUCH-NUMMER: 490321 k ZUST\u00c4NDIGES GERICHT: Landesgericht f\u00fcr ZRS Graz, \u00d6sterreich BEH\u00d6RDE GEM\u00c4SS E-COMMERCE GESETZ: Magistrat der Stadt Graz, \u00d6sterreich VERTRETUNGSBEFUGTER GESELLSCHAFTER &amp; GESCH\u00c4FTSF\u00dcHRER Herr Dipl.-Ing. [&hellip;]","og_url":"http:\/\/www.myhairkules.com\/en\/impressum\/","og_site_name":"Hairkules","article_modified_time":"2022-07-21T11:43:39+00:00","twitter_card":"summary_large_image","twitter_misc":{"Estimated reading time":"2 minutes"},"schema":{"@context":"https:\/\/schema.org","@graph":[{"@type":"WebPage","@id":"http:\/\/www.myhairkules.com\/impressum\/","url":"http:\/\/www.myhairkules.com\/impressum\/","name":"Impressum - Hairkules","isPartOf":{"@id":"http:\/\/www.myhairkules.com\/#website"},"datePublished":"2021-12-08T08:35:27+00:00","dateModified":"2022-07-21T11:43:39+00:00","breadcrumb":{"@id":"http:\/\/www.myhairkules.com\/impressum\/#breadcrumb"},"inLanguage":"en-GB","potentialAction":[{"@type":"ReadAction","target":["http:\/\/www.myhairkules.com\/impressum\/"]}]},{"@type":"BreadcrumbList","@id":"http:\/\/www.myhairkules.com\/impressum\/#breadcrumb","itemListElement":[{"@type":"ListItem","position":1,"name":"Home","item":"http:\/\/www.myhairkules.com\/"},{"@type":"ListItem","position":2,"name":"Impressum"}]},{"@type":"WebSite","@id":"http:\/\/www.myhairkules.com\/#website","url":"http:\/\/www.myhairkules.com\/","name":"Hairkules","description":"Die modernste Haube steht zum Verkauf","publisher":{"@id":"http:\/\/www.myhairkules.com\/#organization"},"potentialAction":[{"@type":"SearchAction","target":{"@type":"EntryPoint","urlTemplate":"http:\/\/www.myhairkules.com\/?s={search_term_string}"},"query-input":{"@type":"PropertyValueSpecification","valueRequired":true,"valueName":"search_term_string"}}],"inLanguage":"en-GB"},{"@type":"Organization","@id":"http:\/\/www.myhairkules.com\/#organization","name":"Hairkules","url":"http:\/\/www.myhairkules.com\/","logo":{"@type":"ImageObject","inLanguage":"en-GB","@id":"http:\/\/www.myhairkules.com\/#\/schema\/logo\/image\/","url":"http:\/\/www.myhairkules.com\/wp-content\/uploads\/2021\/12\/hairkulesgrey.png","contentUrl":"http:\/\/www.myhairkules.com\/wp-content\/uploads\/2021\/12\/hairkulesgrey.png","width":10654,"height":1642,"caption":"Hairkules"},"image":{"@id":"http:\/\/www.myhairkules.com\/#\/schema\/logo\/image\/"}}]}},"_links":{"self":[{"href":"http:\/\/www.myhairkules.com\/en\/wp-json\/wp\/v2\/pages\/6","targetHints":{"allow":["GET"]}}],"collection":[{"href":"http:\/\/www.myhairkules.com\/en\/wp-json\/wp\/v2\/pages"}],"about":[{"href":"http:\/\/www.myhairkules.com\/en\/wp-json\/wp\/v2\/types\/page"}],"author":[{"embeddable":true,"href":"http:\/\/www.myhairkules.com\/en\/wp-json\/wp\/v2\/users\/3"}],"replies":[{"embeddable":true,"href":"http:\/\/www.myhairkules.com\/en\/wp-json\/wp\/v2\/comments?post=6"}],"version-history":[{"count":5,"href":"http:\/\/www.myhairkules.com\/en\/wp-json\/wp\/v2\/pages\/6\/revisions"}],"predecessor-version":[{"id":2432,"href":"http:\/\/www.myhairkules.com\/en\/wp-json\/wp\/v2\/pages\/6\/revisions\/2432"}],"wp:attachment":[{"href":"http:\/\/www.myhairkules.com\/en\/wp-json\/wp\/v2\/media?parent=6"}],"curies":[{"name":"wp","href":"https:\/\/api.w.org\/{rel}","templated":true}]}}