{"id":5,"date":"2021-12-08T09:35:27","date_gmt":"2021-12-08T08:35:27","guid":{"rendered":"http:\/\/www.myhairkules.com\/datenschutz\/"},"modified":"2022-07-21T13:51:00","modified_gmt":"2022-07-21T11:51:00","slug":"datenschutz","status":"publish","type":"page","link":"http:\/\/www.myhairkules.com\/en\/datenschutz\/","title":{"rendered":"Privacy"},"content":{"rendered":"<div data-elementor-type=\"wp-page\" data-elementor-id=\"5\" class=\"elementor elementor-5\" data-elementor-post-type=\"page\">\n\t\t\t\t\t\t<section class=\"elementor-section elementor-top-section elementor-element elementor-element-01a7099 elementor-section-boxed elementor-section-height-default elementor-section-height-default\" data-id=\"01a7099\" data-element_type=\"section\">\n\t\t\t\t\t\t<div class=\"elementor-container elementor-column-gap-default\">\n\t\t\t\t\t<div class=\"elementor-column elementor-col-100 elementor-top-column elementor-element elementor-element-50f7a30\" data-id=\"50f7a30\" data-element_type=\"column\">\n\t\t\t<div class=\"elementor-widget-wrap elementor-element-populated\">\n\t\t\t\t\t\t<div class=\"elementor-element elementor-element-0e1f34d elementor-widget elementor-widget-heading\" data-id=\"0e1f34d\" data-element_type=\"widget\" data-widget_type=\"heading.default\">\n\t\t\t\t<div class=\"elementor-widget-container\">\n\t\t\t\t\t<h2 class=\"elementor-heading-title elementor-size-default\">Privacy<\/h2>\t\t\t\t<\/div>\n\t\t\t\t<\/div>\n\t\t\t\t\t<\/div>\n\t\t<\/div>\n\t\t\t\t\t<\/div>\n\t\t<\/section>\n\t\t\t\t<section class=\"elementor-section elementor-top-section elementor-element elementor-element-effa54c elementor-section-boxed elementor-section-height-default elementor-section-height-default\" data-id=\"effa54c\" data-element_type=\"section\">\n\t\t\t\t\t\t<div class=\"elementor-container elementor-column-gap-default\">\n\t\t\t\t\t<div class=\"elementor-column elementor-col-100 elementor-top-column elementor-element elementor-element-8c7f5cd\" data-id=\"8c7f5cd\" data-element_type=\"column\">\n\t\t\t<div class=\"elementor-widget-wrap elementor-element-populated\">\n\t\t\t\t\t\t<div class=\"elementor-element elementor-element-c867d75 elementor-widget elementor-widget-text-editor\" data-id=\"c867d75\" data-element_type=\"widget\" data-widget_type=\"text-editor.default\">\n\t\t\t\t<div class=\"elementor-widget-container\">\n\t\t\t\t\t\t\t\t\tProtection of your personal data\t\t\t\t\t\t\t\t<\/div>\n\t\t\t\t<\/div>\n\t\t\t\t<div class=\"elementor-element elementor-element-e750c6e elementor-widget elementor-widget-text-editor\" data-id=\"e750c6e\" data-element_type=\"widget\" data-widget_type=\"text-editor.default\">\n\t\t\t\t<div class=\"elementor-widget-container\">\n\t\t\t\t\t\t\t\t\t<ul>\n \t<li style=\"letter-spacing: -0.1px;\">The protection of your personal data is particularly important to us. We therefore process your data exclusively on the basis of the statutory provisions (GDPR, TKG 2003). In this data protection information we inform you about the most important aspects of data processing within the framework of our website.<\/li>\n<\/ul>\t\t\t\t\t\t\t\t<\/div>\n\t\t\t\t<\/div>\n\t\t\t\t\t<\/div>\n\t\t<\/div>\n\t\t\t\t\t<\/div>\n\t\t<\/section>\n\t\t\t\t<section class=\"elementor-section elementor-top-section elementor-element elementor-element-e7fc132 elementor-section-boxed elementor-section-height-default elementor-section-height-default\" data-id=\"e7fc132\" data-element_type=\"section\">\n\t\t\t\t\t\t<div class=\"elementor-container elementor-column-gap-default\">\n\t\t\t\t\t<div class=\"elementor-column elementor-col-100 elementor-top-column elementor-element elementor-element-e7cef72\" data-id=\"e7cef72\" data-element_type=\"column\">\n\t\t\t<div class=\"elementor-widget-wrap elementor-element-populated\">\n\t\t\t\t\t\t<div class=\"elementor-element elementor-element-92d1c32 elementor-widget elementor-widget-text-editor\" data-id=\"92d1c32\" data-element_type=\"widget\" data-widget_type=\"text-editor.default\">\n\t\t\t\t<div class=\"elementor-widget-container\">\n\t\t\t\t\t\t\t\t\tIn contact with us\t\t\t\t\t\t\t\t<\/div>\n\t\t\t\t<\/div>\n\t\t\t\t<div class=\"elementor-element elementor-element-b99c659 elementor-widget elementor-widget-text-editor\" data-id=\"b99c659\" data-element_type=\"widget\" data-widget_type=\"text-editor.default\">\n\t\t\t\t<div class=\"elementor-widget-container\">\n\t\t\t\t\t\t\t\t\t<ul>\n \t<li style=\"letter-spacing: -0.1px;\">If you contact us using the form on the website or by e-mail, the data you provide will be stored with us for six months for the purpose of processing the request and in the event of follow-up questions. We do not pass on this data without your consent.<\/li>\n<\/ul>\t\t\t\t\t\t\t\t<\/div>\n\t\t\t\t<\/div>\n\t\t\t\t\t<\/div>\n\t\t<\/div>\n\t\t\t\t\t<\/div>\n\t\t<\/section>\n\t\t\t\t<section class=\"elementor-section elementor-top-section elementor-element elementor-element-0160d58 elementor-section-boxed elementor-section-height-default elementor-section-height-default\" data-id=\"0160d58\" data-element_type=\"section\">\n\t\t\t\t\t\t<div class=\"elementor-container elementor-column-gap-default\">\n\t\t\t\t\t<div class=\"elementor-column elementor-col-100 elementor-top-column elementor-element elementor-element-86bf8ff\" data-id=\"86bf8ff\" data-element_type=\"column\">\n\t\t\t<div class=\"elementor-widget-wrap elementor-element-populated\">\n\t\t\t\t\t\t<div class=\"elementor-element elementor-element-aff0b25 elementor-widget elementor-widget-text-editor\" data-id=\"aff0b25\" data-element_type=\"widget\" data-widget_type=\"text-editor.default\">\n\t\t\t\t<div class=\"elementor-widget-container\">\n\t\t\t\t\t\t\t\t\tCookies\t\t\t\t\t\t\t\t<\/div>\n\t\t\t\t<\/div>\n\t\t\t\t<div class=\"elementor-element elementor-element-28cf440 elementor-widget elementor-widget-text-editor\" data-id=\"28cf440\" data-element_type=\"widget\" data-widget_type=\"text-editor.default\">\n\t\t\t\t<div class=\"elementor-widget-container\">\n\t\t\t\t\t\t\t\t\t<ul><li style=\"letter-spacing: -0.1px;\">Our website uses so-called cookies. These are small text files that are stored on your end device with the help of the browser. They do no harm.<\/li><li style=\"letter-spacing: -0.1px;\">We use cookies to make our offer user-friendly. Some cookies remain stored on your end device until you delete them. They enable us to recognize your browser on your next visit.<\/li><li style=\"letter-spacing: -0.1px;\">If you do not want this, you can set up your browser so that it informs you about the setting of cookies and you only allow this in individual cases.<\/li><li style=\"letter-spacing: -0.1px;\">If cookies are deactivated, the functionality of our website may be restricted.<\/li><\/ul>\t\t\t\t\t\t\t\t<\/div>\n\t\t\t\t<\/div>\n\t\t\t\t\t<\/div>\n\t\t<\/div>\n\t\t\t\t\t<\/div>\n\t\t<\/section>\n\t\t\t\t<section class=\"elementor-section elementor-top-section elementor-element elementor-element-5c8339c elementor-section-boxed elementor-section-height-default elementor-section-height-default\" data-id=\"5c8339c\" data-element_type=\"section\">\n\t\t\t\t\t\t<div class=\"elementor-container elementor-column-gap-default\">\n\t\t\t\t\t<div class=\"elementor-column elementor-col-100 elementor-top-column elementor-element elementor-element-7cdfb56\" data-id=\"7cdfb56\" data-element_type=\"column\">\n\t\t\t<div class=\"elementor-widget-wrap elementor-element-populated\">\n\t\t\t\t\t\t<div class=\"elementor-element elementor-element-a85d071 elementor-widget elementor-widget-text-editor\" data-id=\"a85d071\" data-element_type=\"widget\" data-widget_type=\"text-editor.default\">\n\t\t\t\t<div class=\"elementor-widget-container\">\n\t\t\t\t\t\t\t\t\tWeb-Analysis\t\t\t\t\t\t\t\t<\/div>\n\t\t\t\t<\/div>\n\t\t\t\t<div class=\"elementor-element elementor-element-7c92e55 elementor-widget elementor-widget-text-editor\" data-id=\"7c92e55\" data-element_type=\"widget\" data-widget_type=\"text-editor.default\">\n\t\t\t\t<div class=\"elementor-widget-container\">\n\t\t\t\t\t\t\t\t\t<ul><li style=\"letter-spacing: -0.1px;\">Our website uses functions of the web analysis service Google Analytics. Cookies are used for this purpose, which enable an analysis of the use of the website by your users. The information generated in this way is transferred to the provider's server and stored there.<\/li><li style=\"letter-spacing: -0.1px;\">You can prevent this by setting up your browser so that no cookies are saved.<\/li><li style=\"letter-spacing: -0.1px;\">We have concluded a corresponding contract for order data processing with the provider.<\/li><li style=\"letter-spacing: -0.1px;\">Your IP address is recorded but immediately pseudonymised. As a result, only a rough localization is possible.<\/li><li style=\"letter-spacing: -0.1px;\">{For non-European providers:} The relationship with the web analytics provider is based on ... [standard contractual clauses\/an adequacy decision by the European Commission.<\/li><li style=\"letter-spacing: -0.1px;\">Data processing takes place on the basis of the legal provisions of Section 96 Paragraph 3 TKG and Art 6 Paragraph 1 lit a (consent) and\/or f (legitimate interest) of the GDPR.<\/li><li style=\"letter-spacing: -0.1px;\">Our concern within the meaning of the GDPR (legitimate interest) is the improvement of our offer and our website. Since the privacy of our users is important to us, user data is pseudonymized.<\/li><li style=\"letter-spacing: -0.1px;\">User data is kept for a period of 7 years.<\/li><\/ul>\t\t\t\t\t\t\t\t<\/div>\n\t\t\t\t<\/div>\n\t\t\t\t\t<\/div>\n\t\t<\/div>\n\t\t\t\t\t<\/div>\n\t\t<\/section>\n\t\t\t\t<section class=\"elementor-section elementor-top-section elementor-element elementor-element-46893db elementor-section-boxed elementor-section-height-default elementor-section-height-default\" data-id=\"46893db\" data-element_type=\"section\">\n\t\t\t\t\t\t<div class=\"elementor-container elementor-column-gap-default\">\n\t\t\t\t\t<div class=\"elementor-column elementor-col-100 elementor-top-column elementor-element elementor-element-6701878\" data-id=\"6701878\" data-element_type=\"column\">\n\t\t\t<div class=\"elementor-widget-wrap elementor-element-populated\">\n\t\t\t\t\t\t<div class=\"elementor-element elementor-element-87545f4 elementor-widget elementor-widget-text-editor\" data-id=\"87545f4\" data-element_type=\"widget\" data-widget_type=\"text-editor.default\">\n\t\t\t\t<div class=\"elementor-widget-container\">\n\t\t\t\t\t\t\t\t\tYour rights\t\t\t\t\t\t\t\t<\/div>\n\t\t\t\t<\/div>\n\t\t\t\t<div class=\"elementor-element elementor-element-9520b2e elementor-widget elementor-widget-text-editor\" data-id=\"9520b2e\" data-element_type=\"widget\" data-widget_type=\"text-editor.default\">\n\t\t\t\t<div class=\"elementor-widget-container\">\n\t\t\t\t\t\t\t\t\t<ul><li><span style=\"letter-spacing: -0.1px; color: var( --e-global-color-text ); font-family: var( --e-global-typography-text-font-family ), Sans-serif; font-size: var( --e-global-typography-text-font-size ); font-style: var( --e-global-typography-text-font-style ); font-weight: var( --e-global-typography-text-font-weight ); text-transform: var( --e-global-typography-text-text-transform ); background-color: var( --e-global-color-1b77cfb );\">In principle, you have the right to information, correction, deletion, restriction, data transferability, revocation and objection. If you believe that the processing of your data violates data protection law or your data protection rights have otherwise been violated in any way, you can complain to the supervisory authority. In Austria, this is the data protection authority.<\/span><\/li><\/ul>\t\t\t\t\t\t\t\t<\/div>\n\t\t\t\t<\/div>\n\t\t\t\t\t<\/div>\n\t\t<\/div>\n\t\t\t\t\t<\/div>\n\t\t<\/section>\n\t\t\t\t<section class=\"elementor-section elementor-top-section elementor-element elementor-element-3d9aac0 elementor-section-boxed elementor-section-height-default elementor-section-height-default\" data-id=\"3d9aac0\" data-element_type=\"section\">\n\t\t\t\t\t\t<div class=\"elementor-container elementor-column-gap-default\">\n\t\t\t\t\t<div class=\"elementor-column elementor-col-100 elementor-top-column elementor-element elementor-element-e892f8f\" data-id=\"e892f8f\" data-element_type=\"column\">\n\t\t\t<div class=\"elementor-widget-wrap elementor-element-populated\">\n\t\t\t\t\t\t<div class=\"elementor-element elementor-element-e0202e6 elementor-widget elementor-widget-text-editor\" data-id=\"e0202e6\" data-element_type=\"widget\" data-widget_type=\"text-editor.default\">\n\t\t\t\t<div class=\"elementor-widget-container\">\n\t\t\t\t\t\t\t\t\tYou can reach us by using following contact details\t\t\t\t\t\t\t\t<\/div>\n\t\t\t\t<\/div>\n\t\t\t\t<div class=\"elementor-element elementor-element-03e1961 elementor-widget elementor-widget-text-editor\" data-id=\"03e1961\" data-element_type=\"widget\" data-widget_type=\"text-editor.default\">\n\t\t\t\t<div class=\"elementor-widget-container\">\n\t\t\t\t\t\t\t\t\t<p style=\"letter-spacing: -0.1px;\">Name and contact of the responsible processor:<\/p><ul><li style=\"letter-spacing: -0.1px;\">Company and adress:<\/li><\/ul><p style=\"letter-spacing: -0.1px;\"><span style=\"margin-left: 40px;\">AuMieux GmbH<br \/><span style=\"margin-left: 40px;\">Maiffredygasse 4\/4\/7, 8010 Graz, Austria<\/span><\/span><\/p><ul><li style=\"letter-spacing: -0.1px;\">email adress and telephone number:<\/li><\/ul><p style=\"letter-spacing: -0.1px;\"><span style=\"margin-left: 40px;\">+43 676 87493578<br \/><\/span><span style=\"margin-left: 40px;\">kirchengast@aumieux.at<\/span><\/p><ul><li style=\"letter-spacing: -0.1px;\">Name, function, and contact details of the data protection officer:<\/li><\/ul><p style=\"letter-spacing: -0.1px;\"><span style=\"margin-left: 40px;\"> Dipl.-Ing. David Kirchengast<br \/><\/span><span style=\"margin-left: 40px;\"> CEO<br \/><\/span><span style=\"margin-left: 40px;\"> AuMieux GmbH<br \/><\/span><span style=\"margin-left: 40px;\"> Maiffredygasse 4\/4\/7, 8010 Graz, Austria<br \/><\/span><span style=\"margin-left: 40px;\"> +43 676 87493578<br \/><\/span><span style=\"margin-left: 40px;\"> kirchengast@aumieux.at<br \/><\/span><span style=\"margin-left: 40px;\"> https:\/\/www.myhairkules.com<\/span><\/p>\t\t\t\t\t\t\t\t<\/div>\n\t\t\t\t<\/div>\n\t\t\t\t\t<\/div>\n\t\t<\/div>\n\t\t\t\t\t<\/div>\n\t\t<\/section>\n\t\t\t\t<\/div>","protected":false},"excerpt":{"rendered":"<p>Datenschutz Schutz Ihrer Pers\u00f6nlichen Daten Der Schutz Ihrer pers\u00f6nlichen Daten ist uns ein besonderes Anliegen. Wir verarbeiten Ihre Daten daher ausschlie\u00dflich auf Grundlage der gesetzlichen Bestimmungen (DSGVO, TKG 2003). In diesen Datenschutzinformationen informieren wir Sie \u00fcber die wichtigsten Aspekte der Datenverarbeitung im Rahmen unserer Website. Kontakt mit uns Wenn Sie per Formular auf der Website [&hellip;]<\/p>","protected":false},"author":3,"featured_media":0,"parent":0,"menu_order":10,"comment_status":"closed","ping_status":"closed","template":"","meta":{"footnotes":""},"class_list":["post-5","page","type-page","status-publish","hentry"],"yoast_head":"<!-- This site is optimized with the Yoast SEO plugin v26.3 - https:\/\/yoast.com\/wordpress\/plugins\/seo\/ -->\n<title>Datenschutz - Hairkules<\/title>\n<meta name=\"robots\" content=\"index, follow, max-snippet:-1, max-image-preview:large, max-video-preview:-1\" \/>\n<link rel=\"canonical\" href=\"http:\/\/www.myhairkules.com\/en\/datenschutz\/\" \/>\n<meta property=\"og:locale\" content=\"en_GB\" \/>\n<meta property=\"og:type\" content=\"article\" \/>\n<meta property=\"og:title\" content=\"Datenschutz - Hairkules\" \/>\n<meta property=\"og:description\" content=\"Datenschutz Schutz Ihrer Pers\u00f6nlichen Daten Der Schutz Ihrer pers\u00f6nlichen Daten ist uns ein besonderes Anliegen. Wir verarbeiten Ihre Daten daher ausschlie\u00dflich auf Grundlage der gesetzlichen Bestimmungen (DSGVO, TKG 2003). In diesen Datenschutzinformationen informieren wir Sie \u00fcber die wichtigsten Aspekte der Datenverarbeitung im Rahmen unserer Website. Kontakt mit uns Wenn Sie per Formular auf der Website [&hellip;]\" \/>\n<meta property=\"og:url\" content=\"http:\/\/www.myhairkules.com\/en\/datenschutz\/\" \/>\n<meta property=\"og:site_name\" content=\"Hairkules\" \/>\n<meta property=\"article:modified_time\" content=\"2022-07-21T11:51:00+00:00\" \/>\n<meta name=\"twitter:card\" content=\"summary_large_image\" \/>\n<meta name=\"twitter:label1\" content=\"Estimated reading time\" \/>\n\t<meta name=\"twitter:data1\" content=\"2 minutes\" \/>\n<script type=\"application\/ld+json\" class=\"yoast-schema-graph\">{\"@context\":\"https:\/\/schema.org\",\"@graph\":[{\"@type\":\"WebPage\",\"@id\":\"http:\/\/www.myhairkules.com\/en\/datenschutz\/\",\"url\":\"http:\/\/www.myhairkules.com\/en\/datenschutz\/\",\"name\":\"Datenschutz - Hairkules\",\"isPartOf\":{\"@id\":\"http:\/\/www.myhairkules.com\/en\/#website\"},\"datePublished\":\"2021-12-08T08:35:27+00:00\",\"dateModified\":\"2022-07-21T11:51:00+00:00\",\"breadcrumb\":{\"@id\":\"http:\/\/www.myhairkules.com\/en\/datenschutz\/#breadcrumb\"},\"inLanguage\":\"en-GB\",\"potentialAction\":[{\"@type\":\"ReadAction\",\"target\":[\"http:\/\/www.myhairkules.com\/en\/datenschutz\/\"]}]},{\"@type\":\"BreadcrumbList\",\"@id\":\"http:\/\/www.myhairkules.com\/en\/datenschutz\/#breadcrumb\",\"itemListElement\":[{\"@type\":\"ListItem\",\"position\":1,\"name\":\"Home\",\"item\":\"http:\/\/www.myhairkules.com\/en\/\"},{\"@type\":\"ListItem\",\"position\":2,\"name\":\"Datenschutz\"}]},{\"@type\":\"WebSite\",\"@id\":\"http:\/\/www.myhairkules.com\/en\/#website\",\"url\":\"http:\/\/www.myhairkules.com\/en\/\",\"name\":\"Hairkules\",\"description\":\"Die modernste Haube steht zum Verkauf\",\"publisher\":{\"@id\":\"http:\/\/www.myhairkules.com\/en\/#organization\"},\"potentialAction\":[{\"@type\":\"SearchAction\",\"target\":{\"@type\":\"EntryPoint\",\"urlTemplate\":\"http:\/\/www.myhairkules.com\/en\/?s={search_term_string}\"},\"query-input\":{\"@type\":\"PropertyValueSpecification\",\"valueRequired\":true,\"valueName\":\"search_term_string\"}}],\"inLanguage\":\"en-GB\"},{\"@type\":\"Organization\",\"@id\":\"http:\/\/www.myhairkules.com\/en\/#organization\",\"name\":\"Hairkules\",\"url\":\"http:\/\/www.myhairkules.com\/en\/\",\"logo\":{\"@type\":\"ImageObject\",\"inLanguage\":\"en-GB\",\"@id\":\"http:\/\/www.myhairkules.com\/en\/#\/schema\/logo\/image\/\",\"url\":\"http:\/\/www.myhairkules.com\/wp-content\/uploads\/2021\/12\/hairkulesgrey.png\",\"contentUrl\":\"http:\/\/www.myhairkules.com\/wp-content\/uploads\/2021\/12\/hairkulesgrey.png\",\"width\":10654,\"height\":1642,\"caption\":\"Hairkules\"},\"image\":{\"@id\":\"http:\/\/www.myhairkules.com\/en\/#\/schema\/logo\/image\/\"}}]}<\/script>\n<!-- \/ Yoast SEO plugin. -->","yoast_head_json":{"title":"Datenschutz - Hairkules","robots":{"index":"index","follow":"follow","max-snippet":"max-snippet:-1","max-image-preview":"max-image-preview:large","max-video-preview":"max-video-preview:-1"},"canonical":"http:\/\/www.myhairkules.com\/en\/datenschutz\/","og_locale":"en_GB","og_type":"article","og_title":"Datenschutz - Hairkules","og_description":"Datenschutz Schutz Ihrer Pers\u00f6nlichen Daten Der Schutz Ihrer pers\u00f6nlichen Daten ist uns ein besonderes Anliegen. Wir verarbeiten Ihre Daten daher ausschlie\u00dflich auf Grundlage der gesetzlichen Bestimmungen (DSGVO, TKG 2003). In diesen Datenschutzinformationen informieren wir Sie \u00fcber die wichtigsten Aspekte der Datenverarbeitung im Rahmen unserer Website. Kontakt mit uns Wenn Sie per Formular auf der Website [&hellip;]","og_url":"http:\/\/www.myhairkules.com\/en\/datenschutz\/","og_site_name":"Hairkules","article_modified_time":"2022-07-21T11:51:00+00:00","twitter_card":"summary_large_image","twitter_misc":{"Estimated reading time":"2 minutes"},"schema":{"@context":"https:\/\/schema.org","@graph":[{"@type":"WebPage","@id":"http:\/\/www.myhairkules.com\/en\/datenschutz\/","url":"http:\/\/www.myhairkules.com\/en\/datenschutz\/","name":"Datenschutz - Hairkules","isPartOf":{"@id":"http:\/\/www.myhairkules.com\/en\/#website"},"datePublished":"2021-12-08T08:35:27+00:00","dateModified":"2022-07-21T11:51:00+00:00","breadcrumb":{"@id":"http:\/\/www.myhairkules.com\/en\/datenschutz\/#breadcrumb"},"inLanguage":"en-GB","potentialAction":[{"@type":"ReadAction","target":["http:\/\/www.myhairkules.com\/en\/datenschutz\/"]}]},{"@type":"BreadcrumbList","@id":"http:\/\/www.myhairkules.com\/en\/datenschutz\/#breadcrumb","itemListElement":[{"@type":"ListItem","position":1,"name":"Home","item":"http:\/\/www.myhairkules.com\/en\/"},{"@type":"ListItem","position":2,"name":"Datenschutz"}]},{"@type":"WebSite","@id":"http:\/\/www.myhairkules.com\/en\/#website","url":"http:\/\/www.myhairkules.com\/en\/","name":"Hairkules","description":"Die modernste Haube steht zum Verkauf","publisher":{"@id":"http:\/\/www.myhairkules.com\/en\/#organization"},"potentialAction":[{"@type":"SearchAction","target":{"@type":"EntryPoint","urlTemplate":"http:\/\/www.myhairkules.com\/en\/?s={search_term_string}"},"query-input":{"@type":"PropertyValueSpecification","valueRequired":true,"valueName":"search_term_string"}}],"inLanguage":"en-GB"},{"@type":"Organization","@id":"http:\/\/www.myhairkules.com\/en\/#organization","name":"Hairkules","url":"http:\/\/www.myhairkules.com\/en\/","logo":{"@type":"ImageObject","inLanguage":"en-GB","@id":"http:\/\/www.myhairkules.com\/en\/#\/schema\/logo\/image\/","url":"http:\/\/www.myhairkules.com\/wp-content\/uploads\/2021\/12\/hairkulesgrey.png","contentUrl":"http:\/\/www.myhairkules.com\/wp-content\/uploads\/2021\/12\/hairkulesgrey.png","width":10654,"height":1642,"caption":"Hairkules"},"image":{"@id":"http:\/\/www.myhairkules.com\/en\/#\/schema\/logo\/image\/"}}]}},"_links":{"self":[{"href":"http:\/\/www.myhairkules.com\/en\/wp-json\/wp\/v2\/pages\/5","targetHints":{"allow":["GET"]}}],"collection":[{"href":"http:\/\/www.myhairkules.com\/en\/wp-json\/wp\/v2\/pages"}],"about":[{"href":"http:\/\/www.myhairkules.com\/en\/wp-json\/wp\/v2\/types\/page"}],"author":[{"embeddable":true,"href":"http:\/\/www.myhairkules.com\/en\/wp-json\/wp\/v2\/users\/3"}],"replies":[{"embeddable":true,"href":"http:\/\/www.myhairkules.com\/en\/wp-json\/wp\/v2\/comments?post=5"}],"version-history":[{"count":5,"href":"http:\/\/www.myhairkules.com\/en\/wp-json\/wp\/v2\/pages\/5\/revisions"}],"predecessor-version":[{"id":2436,"href":"http:\/\/www.myhairkules.com\/en\/wp-json\/wp\/v2\/pages\/5\/revisions\/2436"}],"wp:attachment":[{"href":"http:\/\/www.myhairkules.com\/en\/wp-json\/wp\/v2\/media?parent=5"}],"curies":[{"name":"wp","href":"https:\/\/api.w.org\/{rel}","templated":true}]}}